{"id":1291,"date":"2023-10-23T23:34:23","date_gmt":"2023-10-24T02:34:23","guid":{"rendered":"https:\/\/aulas.tecnologiamental.com.br\/wp\/about\/"},"modified":"2023-11-04T03:06:52","modified_gmt":"2023-11-04T06:06:52","slug":"cachacaria","status":"publish","type":"page","link":"https:\/\/aulas.tecnologiamental.com.br\/wp\/cachacaria\/","title":{"rendered":"Cacha\u00e7aria"},"content":{"rendered":"\t\t<div data-elementor-type=\"wp-page\" data-elementor-id=\"1291\" class=\"elementor elementor-1291\" data-elementor-post-type=\"page\">\n\t\t\t\t\t\t\t\t\t<section class=\"elementor-section elementor-top-section elementor-element elementor-element-29d69d52 elementor-section-height-min-height elementor-section-boxed elementor-section-height-default elementor-section-items-middle\" data-id=\"29d69d52\" data-element_type=\"section\" data-settings=\"{&quot;background_background&quot;:&quot;classic&quot;,&quot;background_motion_fx_motion_fx_scrolling&quot;:&quot;yes&quot;,&quot;background_motion_fx_translateY_effect&quot;:&quot;yes&quot;,&quot;background_motion_fx_translateY_direction&quot;:&quot;negative&quot;,&quot;background_motion_fx_translateY_speed&quot;:{&quot;unit&quot;:&quot;px&quot;,&quot;size&quot;:&quot;1&quot;,&quot;sizes&quot;:[]},&quot;background_motion_fx_translateY_affectedRange&quot;:{&quot;unit&quot;:&quot;%&quot;,&quot;size&quot;:&quot;&quot;,&quot;sizes&quot;:{&quot;start&quot;:0,&quot;end&quot;:100}},&quot;background_motion_fx_devices&quot;:[&quot;desktop&quot;,&quot;tablet&quot;,&quot;mobile&quot;],&quot;_ha_eqh_enable&quot;:false}\">\n\t\t\t\t\t\t<div class=\"elementor-container elementor-column-gap-default\">\n\t\t\t\t\t<div class=\"elementor-column elementor-col-50 elementor-top-column elementor-element elementor-element-65689ff\" data-id=\"65689ff\" data-element_type=\"column\" data-settings=\"{&quot;background_background&quot;:&quot;classic&quot;}\">\n\t\t\t<div class=\"elementor-widget-wrap elementor-element-populated\">\n\t\t\t\t\t<div class=\"elementor-background-overlay\"><\/div>\n\t\t\t\t\t\t\t\t<div class=\"elementor-element elementor-element-586fbadd elementor-widget elementor-widget-heading\" data-id=\"586fbadd\" data-element_type=\"widget\" data-widget_type=\"heading.default\">\n\t\t\t\t<div class=\"elementor-widget-container\">\n\t\t\t<style>\/*! elementor - v3.18.0 - 20-12-2023 *\/\n.elementor-heading-title{padding:0;margin:0;line-height:1}.elementor-widget-heading .elementor-heading-title[class*=elementor-size-]>a{color:inherit;font-size:inherit;line-height:inherit}.elementor-widget-heading .elementor-heading-title.elementor-size-small{font-size:15px}.elementor-widget-heading .elementor-heading-title.elementor-size-medium{font-size:19px}.elementor-widget-heading .elementor-heading-title.elementor-size-large{font-size:29px}.elementor-widget-heading .elementor-heading-title.elementor-size-xl{font-size:39px}.elementor-widget-heading .elementor-heading-title.elementor-size-xxl{font-size:59px}<\/style><h3 class=\"elementor-heading-title elementor-size-default\"> A pura cacha\u00e7a do brasil<\/h3>\t\t<\/div>\n\t\t\t\t<\/div>\n\t\t\t\t<div class=\"elementor-element elementor-element-31baf0a4 elementor-widget__width-initial elementor-widget-tablet__width-initial elementor-widget elementor-widget-heading\" data-id=\"31baf0a4\" data-element_type=\"widget\" data-widget_type=\"heading.default\">\n\t\t\t\t<div class=\"elementor-widget-container\">\n\t\t\t<h1 class=\"elementor-heading-title elementor-size-default\">reserva do imperador<\/h1>\t\t<\/div>\n\t\t\t\t<\/div>\n\t\t\t\t<div class=\"elementor-element elementor-element-457df068 elementor-widget elementor-widget-text-editor\" data-id=\"457df068\" data-element_type=\"widget\" data-widget_type=\"text-editor.default\">\n\t\t\t\t<div class=\"elementor-widget-container\">\n\t\t\t<style>\/*! elementor - v3.18.0 - 20-12-2023 *\/\n.elementor-widget-text-editor.elementor-drop-cap-view-stacked .elementor-drop-cap{background-color:#69727d;color:#fff}.elementor-widget-text-editor.elementor-drop-cap-view-framed .elementor-drop-cap{color:#69727d;border:3px solid;background-color:transparent}.elementor-widget-text-editor:not(.elementor-drop-cap-view-default) .elementor-drop-cap{margin-top:8px}.elementor-widget-text-editor:not(.elementor-drop-cap-view-default) .elementor-drop-cap-letter{width:1em;height:1em}.elementor-widget-text-editor .elementor-drop-cap{float:left;text-align:center;line-height:1;font-size:50px}.elementor-widget-text-editor .elementor-drop-cap-letter{display:inline-block}<\/style>\t\t\t\t<p>Cacha\u00e7a OURO, prata, amburana, pequi, rapadura entre outras, s\u00e3o produzidas artesanalmente e comercializadas em todo o Brasil, com qualidade sem igual e sabor marcante.<\/p>\t\t\t\t\t\t<\/div>\n\t\t\t\t<\/div>\n\t\t\t\t\t<\/div>\n\t\t<\/div>\n\t\t\t\t<div class=\"elementor-column elementor-col-50 elementor-top-column elementor-element elementor-element-c54626d\" data-id=\"c54626d\" data-element_type=\"column\">\n\t\t\t<div class=\"elementor-widget-wrap elementor-element-populated\">\n\t\t\t\t\t\t\t\t<div class=\"elementor-element elementor-element-a074d1e elementor-widget elementor-widget-text-editor\" data-id=\"a074d1e\" data-element_type=\"widget\" data-widget_type=\"text-editor.default\">\n\t\t\t\t<div class=\"elementor-widget-container\">\n\t\t\t\t\t\t\t\t\t\t\t\t\t<\/div>\n\t\t\t\t<\/div>\n\t\t\t\t\t<\/div>\n\t\t<\/div>\n\t\t\t\t\t\t\t<\/div>\n\t\t<\/section>\n\t\t\t\t<section class=\"elementor-section elementor-top-section elementor-element elementor-element-1d534903 elementor-section-boxed elementor-section-height-default elementor-section-height-default\" data-id=\"1d534903\" data-element_type=\"section\" data-settings=\"{&quot;_ha_eqh_enable&quot;:false}\">\n\t\t\t\t\t\t<div class=\"elementor-container elementor-column-gap-default\">\n\t\t\t\t\t<div class=\"elementor-column elementor-col-100 elementor-top-column elementor-element elementor-element-7f91451f\" data-id=\"7f91451f\" data-element_type=\"column\">\n\t\t\t<div class=\"elementor-widget-wrap elementor-element-populated\">\n\t\t\t\t\t\t\t\t<div class=\"elementor-element elementor-element-187bf075 elementor-widget elementor-widget-heading\" data-id=\"187bf075\" data-element_type=\"widget\" data-widget_type=\"heading.default\">\n\t\t\t\t<div class=\"elementor-widget-container\">\n\t\t\t<h3 class=\"elementor-heading-title elementor-size-default\">produzida desde 1864<\/h3>\t\t<\/div>\n\t\t\t\t<\/div>\n\t\t\t\t<div class=\"elementor-element elementor-element-6e2b25a6 elementor-widget elementor-widget-heading\" data-id=\"6e2b25a6\" data-element_type=\"widget\" data-widget_type=\"heading.default\">\n\t\t\t\t<div class=\"elementor-widget-container\">\n\t\t\t<h2 class=\"elementor-heading-title elementor-size-default\">a pura cacha\u00e7a brasileira\n<\/h2>\t\t<\/div>\n\t\t\t\t<\/div>\n\t\t\t\t<section class=\"elementor-section elementor-inner-section elementor-element elementor-element-45a6b9fd elementor-reverse-tablet elementor-section-boxed elementor-section-height-default elementor-section-height-default\" data-id=\"45a6b9fd\" data-element_type=\"section\" data-settings=\"{&quot;_ha_eqh_enable&quot;:false}\">\n\t\t\t\t\t\t<div class=\"elementor-container elementor-column-gap-default\">\n\t\t\t\t\t<div class=\"elementor-column elementor-col-50 elementor-inner-column elementor-element elementor-element-35f68738\" data-id=\"35f68738\" data-element_type=\"column\">\n\t\t\t<div class=\"elementor-widget-wrap elementor-element-populated\">\n\t\t\t\t\t\t\t\t<div class=\"elementor-element elementor-element-6fd8d53e elementor-widget elementor-widget-image\" data-id=\"6fd8d53e\" data-element_type=\"widget\" data-settings=\"{&quot;motion_fx_motion_fx_scrolling&quot;:&quot;yes&quot;,&quot;motion_fx_translateY_effect&quot;:&quot;yes&quot;,&quot;motion_fx_translateY_direction&quot;:&quot;negative&quot;,&quot;motion_fx_translateY_speed&quot;:{&quot;unit&quot;:&quot;px&quot;,&quot;size&quot;:&quot;1.5&quot;,&quot;sizes&quot;:[]},&quot;motion_fx_devices&quot;:[&quot;desktop&quot;,&quot;tablet&quot;],&quot;motion_fx_translateY_affectedRange&quot;:{&quot;unit&quot;:&quot;%&quot;,&quot;size&quot;:&quot;&quot;,&quot;sizes&quot;:{&quot;start&quot;:&quot;0&quot;,&quot;end&quot;:&quot;50&quot;}}}\" data-widget_type=\"image.default\">\n\t\t\t\t<div class=\"elementor-widget-container\">\n\t\t\t<style>\/*! elementor - v3.18.0 - 20-12-2023 *\/\n.elementor-widget-image{text-align:center}.elementor-widget-image a{display:inline-block}.elementor-widget-image a img[src$=\".svg\"]{width:48px}.elementor-widget-image img{vertical-align:middle;display:inline-block}<\/style>\t\t\t\t\t\t\t\t\t\t\t\t<img fetchpriority=\"high\" decoding=\"async\" width=\"1200\" height=\"1600\" src=\"https:\/\/aulas.tecnologiamental.com.br\/wp\/wp-content\/uploads\/2023\/11\/WhatsApp-Image-2023-10-31-at-13.37.41.jpeg\" class=\"attachment-full size-full wp-image-2050\" alt=\"\" srcset=\"https:\/\/aulas.tecnologiamental.com.br\/wp\/wp-content\/uploads\/2023\/11\/WhatsApp-Image-2023-10-31-at-13.37.41.jpeg 1200w, https:\/\/aulas.tecnologiamental.com.br\/wp\/wp-content\/uploads\/2023\/11\/WhatsApp-Image-2023-10-31-at-13.37.41-225x300.jpeg 225w, https:\/\/aulas.tecnologiamental.com.br\/wp\/wp-content\/uploads\/2023\/11\/WhatsApp-Image-2023-10-31-at-13.37.41-768x1024.jpeg 768w, https:\/\/aulas.tecnologiamental.com.br\/wp\/wp-content\/uploads\/2023\/11\/WhatsApp-Image-2023-10-31-at-13.37.41-1152x1536.jpeg 1152w\" sizes=\"(max-width: 1200px) 100vw, 1200px\" \/>\t\t\t\t\t\t\t\t\t\t\t\t\t\t\t<\/div>\n\t\t\t\t<\/div>\n\t\t\t\t\t<\/div>\n\t\t<\/div>\n\t\t\t\t<div class=\"elementor-column elementor-col-50 elementor-inner-column elementor-element elementor-element-72064011\" data-id=\"72064011\" data-element_type=\"column\">\n\t\t\t<div class=\"elementor-widget-wrap elementor-element-populated\">\n\t\t\t\t\t\t\t\t<div class=\"elementor-element elementor-element-5f273e1e elementor-widget elementor-widget-text-editor\" data-id=\"5f273e1e\" data-element_type=\"widget\" data-widget_type=\"text-editor.default\">\n\t\t\t\t<div class=\"elementor-widget-container\">\n\t\t\t\t\t\t\t<p>Localizada em Uberl\u00e2ndia, Minas Gerais, a cacha\u00e7a RESERVA DO IMPERADOR hoje \u00e9 comandada pela mesma fam\u00edlia, estando em sua quinta gera\u00e7\u00e3o de administradores.<\/p><p>Tendo sua hist\u00f3ria iniciada informalmente no ano de 1864, pelo ent\u00e3o fazendeiro Marcolino Rosa, que sem inten\u00e7\u00e3o comercial, come\u00e7ou a produzir de forma artesanal tal bebida para consumo pr\u00f3prio, o que era comum a \u00e9poca naquele estado, devido a qualidade do solo, \u00e1gua e clima prop\u00edcio.<\/p><p>Finalmente na d\u00e9cada de 1950, a fam\u00edlia ent\u00e3o incentivada pelos apreciadores de cacha\u00e7a da localidade, formalizaram o que hoje \u00e9 uma das melhores cacha\u00e7as do Brasil, a cacha\u00e7a RESERVA DO IMPERADOR.<\/p>\t\t\t\t\t\t<\/div>\n\t\t\t\t<\/div>\n\t\t\t\t\t<\/div>\n\t\t<\/div>\n\t\t\t\t\t\t\t<\/div>\n\t\t<\/section>\n\t\t\t\t\t<\/div>\n\t\t<\/div>\n\t\t\t\t\t\t\t<\/div>\n\t\t<\/section>\n\t\t\t\t<section class=\"elementor-section elementor-top-section elementor-element elementor-element-1c1f744a elementor-section-full_width elementor-reverse-mobile elementor-section-height-default elementor-section-height-default\" data-id=\"1c1f744a\" data-element_type=\"section\" data-settings=\"{&quot;_ha_eqh_enable&quot;:false}\">\n\t\t\t\t\t\t<div class=\"elementor-container elementor-column-gap-default\">\n\t\t\t\t\t<div class=\"elementor-column elementor-col-33 elementor-top-column elementor-element elementor-element-1024a504\" data-id=\"1024a504\" data-element_type=\"column\">\n\t\t\t<div class=\"elementor-widget-wrap elementor-element-populated\">\n\t\t\t\t\t\t\t\t<div class=\"elementor-element elementor-element-417f33aa elementor-widget elementor-widget-heading\" data-id=\"417f33aa\" data-element_type=\"widget\" data-widget_type=\"heading.default\">\n\t\t\t\t<div class=\"elementor-widget-container\">\n\t\t\t<h3 class=\"elementor-heading-title elementor-size-default\">reserva do<\/h3>\t\t<\/div>\n\t\t\t\t<\/div>\n\t\t\t\t<div class=\"elementor-element elementor-element-4228e4c8 elementor-widget elementor-widget-heading\" data-id=\"4228e4c8\" data-element_type=\"widget\" data-widget_type=\"heading.default\">\n\t\t\t\t<div class=\"elementor-widget-container\">\n\t\t\t<h2 class=\"elementor-heading-title elementor-size-default\">imperador\n<\/h2>\t\t<\/div>\n\t\t\t\t<\/div>\n\t\t\t\t<div class=\"elementor-element elementor-element-153336a6 elementor-widget elementor-widget-text-editor\" data-id=\"153336a6\" data-element_type=\"widget\" data-widget_type=\"text-editor.default\">\n\t\t\t\t<div class=\"elementor-widget-container\">\n\t\t\t\t\t\t\t<p>Cacha\u00e7a OURO, prata, amburana, pequi, rapadura entre outras, s\u00e3o produzidas artesanalmente e comercializadas em todo o Brasil, com qualidade sem igual e sabor marcante.<\/p>\t\t\t\t\t\t<\/div>\n\t\t\t\t<\/div>\n\t\t\t\t\t<\/div>\n\t\t<\/div>\n\t\t\t\t<div class=\"elementor-column elementor-col-33 elementor-top-column elementor-element elementor-element-2b030b82\" data-id=\"2b030b82\" data-element_type=\"column\">\n\t\t\t<div class=\"elementor-widget-wrap elementor-element-populated\">\n\t\t\t\t\t\t\t\t<div class=\"elementor-element elementor-element-47c1dbc3 elementor-widget elementor-widget-image\" data-id=\"47c1dbc3\" data-element_type=\"widget\" data-settings=\"{&quot;motion_fx_motion_fx_scrolling&quot;:&quot;yes&quot;,&quot;motion_fx_translateY_effect&quot;:&quot;yes&quot;,&quot;motion_fx_translateY_direction&quot;:&quot;negative&quot;,&quot;motion_fx_translateY_speed&quot;:{&quot;unit&quot;:&quot;px&quot;,&quot;size&quot;:&quot;1&quot;,&quot;sizes&quot;:[]},&quot;motion_fx_devices&quot;:[&quot;desktop&quot;,&quot;tablet&quot;],&quot;motion_fx_translateY_affectedRange&quot;:{&quot;unit&quot;:&quot;%&quot;,&quot;size&quot;:&quot;&quot;,&quot;sizes&quot;:{&quot;start&quot;:0,&quot;end&quot;:100}}}\" data-widget_type=\"image.default\">\n\t\t\t\t<div class=\"elementor-widget-container\">\n\t\t\t\t\t\t\t\t\t\t\t\t\t\t\t<img decoding=\"async\" width=\"1200\" height=\"1600\" src=\"https:\/\/aulas.tecnologiamental.com.br\/wp\/wp-content\/uploads\/2023\/11\/WhatsApp-Image-2023-10-31-at-13.37.41-1.jpeg\" class=\"attachment-full size-full wp-image-2051\" alt=\"\" srcset=\"https:\/\/aulas.tecnologiamental.com.br\/wp\/wp-content\/uploads\/2023\/11\/WhatsApp-Image-2023-10-31-at-13.37.41-1.jpeg 1200w, https:\/\/aulas.tecnologiamental.com.br\/wp\/wp-content\/uploads\/2023\/11\/WhatsApp-Image-2023-10-31-at-13.37.41-1-225x300.jpeg 225w, https:\/\/aulas.tecnologiamental.com.br\/wp\/wp-content\/uploads\/2023\/11\/WhatsApp-Image-2023-10-31-at-13.37.41-1-768x1024.jpeg 768w, https:\/\/aulas.tecnologiamental.com.br\/wp\/wp-content\/uploads\/2023\/11\/WhatsApp-Image-2023-10-31-at-13.37.41-1-1152x1536.jpeg 1152w\" sizes=\"(max-width: 1200px) 100vw, 1200px\" \/>\t\t\t\t\t\t\t\t\t\t\t\t\t\t\t<\/div>\n\t\t\t\t<\/div>\n\t\t\t\t\t<\/div>\n\t\t<\/div>\n\t\t\t\t<div class=\"elementor-column elementor-col-33 elementor-top-column elementor-element elementor-element-3746061b\" data-id=\"3746061b\" data-element_type=\"column\">\n\t\t\t<div class=\"elementor-widget-wrap elementor-element-populated\">\n\t\t\t\t\t\t\t\t<div class=\"elementor-element elementor-element-46f9088a elementor-widget elementor-widget-image\" data-id=\"46f9088a\" data-element_type=\"widget\" data-settings=\"{&quot;motion_fx_motion_fx_scrolling&quot;:&quot;yes&quot;,&quot;motion_fx_translateY_effect&quot;:&quot;yes&quot;,&quot;motion_fx_translateY_speed&quot;:{&quot;unit&quot;:&quot;px&quot;,&quot;size&quot;:&quot;1&quot;,&quot;sizes&quot;:[]},&quot;motion_fx_devices&quot;:[&quot;desktop&quot;,&quot;tablet&quot;],&quot;motion_fx_translateY_affectedRange&quot;:{&quot;unit&quot;:&quot;%&quot;,&quot;size&quot;:&quot;&quot;,&quot;sizes&quot;:{&quot;start&quot;:0,&quot;end&quot;:100}}}\" data-widget_type=\"image.default\">\n\t\t\t\t<div class=\"elementor-widget-container\">\n\t\t\t\t\t\t\t\t\t\t\t\t\t\t\t<img decoding=\"async\" width=\"1200\" height=\"1600\" src=\"https:\/\/aulas.tecnologiamental.com.br\/wp\/wp-content\/uploads\/2023\/11\/WhatsApp-Image-2023-10-31-at-13.37.41-2.jpeg\" class=\"attachment-full size-full wp-image-2052\" alt=\"\" srcset=\"https:\/\/aulas.tecnologiamental.com.br\/wp\/wp-content\/uploads\/2023\/11\/WhatsApp-Image-2023-10-31-at-13.37.41-2.jpeg 1200w, https:\/\/aulas.tecnologiamental.com.br\/wp\/wp-content\/uploads\/2023\/11\/WhatsApp-Image-2023-10-31-at-13.37.41-2-225x300.jpeg 225w, https:\/\/aulas.tecnologiamental.com.br\/wp\/wp-content\/uploads\/2023\/11\/WhatsApp-Image-2023-10-31-at-13.37.41-2-768x1024.jpeg 768w, https:\/\/aulas.tecnologiamental.com.br\/wp\/wp-content\/uploads\/2023\/11\/WhatsApp-Image-2023-10-31-at-13.37.41-2-1152x1536.jpeg 1152w\" sizes=\"(max-width: 1200px) 100vw, 1200px\" \/>\t\t\t\t\t\t\t\t\t\t\t\t\t\t\t<\/div>\n\t\t\t\t<\/div>\n\t\t\t\t\t<\/div>\n\t\t<\/div>\n\t\t\t\t\t\t\t<\/div>\n\t\t<\/section>\n\t\t\t\t\t\t\t<\/div>\n\t\t","protected":false},"excerpt":{"rendered":"<p>A pura cacha\u00e7a do brasil reserva do imperador Cacha\u00e7a OURO, prata, amburana, pequi, rapadura entre outras, s\u00e3o produzidas artesanalmente e comercializadas em todo o Brasil, com qualidade sem igual e sabor marcante. produzida desde 1864 a pura cacha\u00e7a brasileira Localizada em Uberl\u00e2ndia, Minas Gerais, a cacha\u00e7a RESERVA DO IMPERADOR hoje \u00e9 comandada pela mesma fam\u00edlia, [&hellip;]<\/p>\n","protected":false},"author":1,"featured_media":0,"parent":0,"menu_order":0,"comment_status":"closed","ping_status":"closed","template":"elementor_header_footer","meta":{"footnotes":""},"class_list":["post-1291","page","type-page","status-publish","hentry"],"_links":{"self":[{"href":"https:\/\/aulas.tecnologiamental.com.br\/wp\/wp-json\/wp\/v2\/pages\/1291","targetHints":{"allow":["GET"]}}],"collection":[{"href":"https:\/\/aulas.tecnologiamental.com.br\/wp\/wp-json\/wp\/v2\/pages"}],"about":[{"href":"https:\/\/aulas.tecnologiamental.com.br\/wp\/wp-json\/wp\/v2\/types\/page"}],"author":[{"embeddable":true,"href":"https:\/\/aulas.tecnologiamental.com.br\/wp\/wp-json\/wp\/v2\/users\/1"}],"replies":[{"embeddable":true,"href":"https:\/\/aulas.tecnologiamental.com.br\/wp\/wp-json\/wp\/v2\/comments?post=1291"}],"version-history":[{"count":37,"href":"https:\/\/aulas.tecnologiamental.com.br\/wp\/wp-json\/wp\/v2\/pages\/1291\/revisions"}],"predecessor-version":[{"id":2072,"href":"https:\/\/aulas.tecnologiamental.com.br\/wp\/wp-json\/wp\/v2\/pages\/1291\/revisions\/2072"}],"wp:attachment":[{"href":"https:\/\/aulas.tecnologiamental.com.br\/wp\/wp-json\/wp\/v2\/media?parent=1291"}],"curies":[{"name":"wp","href":"https:\/\/api.w.org\/{rel}","templated":true}]}}